{"id":9038,"date":"2024-01-08T10:24:44","date_gmt":"2024-01-08T10:24:44","guid":{"rendered":"https:\/\/www.langolinopizza.ch\/termini-e-condizioni\/"},"modified":"2024-01-08T10:29:48","modified_gmt":"2024-01-08T10:29:48","slug":"termini-e-condizioni","status":"publish","type":"page","link":"https:\/\/www.langolinopizza.ch\/it\/termini-e-condizioni\/","title":{"rendered":"Termini e condizioni"},"content":{"rendered":"\n<p>Ultimo aggiornamento: 07 gennaio 2024<\/p>\n\n<p>Si prega di leggere attentamente questi termini e condizioni prima di utilizzare il nostro Servizio.<\/p>\n\n<h2 class=\"wp-block-heading\">Interpretazione e definizioni<\/h2>\n\n<h3 class=\"wp-block-heading\">Interpretazione<\/h3>\n\n<p>Le parole la cui lettera iniziale \u00e8 maiuscola hanno un significato definito nelle seguenti condizioni. Le seguenti definizioni hanno lo stesso significato, indipendentemente dal fatto che appaiano al singolare o al plurale.<\/p>\n\n<h3 class=\"wp-block-heading\">Definizioni<\/h3>\n\n<p>Ai fini dei presenti Termini e Condizioni:<\/p>\n\n<ul class=\"wp-block-list\">\n<li>Per <strong>affiliata<\/strong> si intende un&#8217;entit\u00e0 che controlla, \u00e8 controllata o \u00e8 sottoposta a controllo comune con una parte, dove per &#8220;controllo&#8221; si intende la propriet\u00e0 del 50% o pi\u00f9 delle azioni, dei titoli azionari o di altri titoli con diritto di voto per l&#8217;elezione degli amministratori o di altri poteri di gestione.<\/li>\n\n\n\n<li>Il <strong>paese<\/strong> si riferisce a: Svizzera<\/li>\n\n\n\n<li>La <strong>Societ\u00e0<\/strong> (indicata come &#8220;la Societ\u00e0&#8221;, &#8220;Noi&#8221;, &#8220;Ci&#8221; o &#8220;Nostro&#8221; nel presente Contratto) si riferisce a Pizzeria L&#8217;Angolino, Goran Manchovski, Grabengasse 3, 9620 Lichtensteig.<\/li>\n\n\n\n<li>Per <strong>dispositivo<\/strong> si intende qualsiasi dispositivo in grado di accedere al Servizio, come un computer, un telefono cellulare o una tavoletta digitale.<\/li>\n\n\n\n<li>Il <strong>servizio<\/strong> si riferisce al sito web.<\/li>\n\n\n\n<li>Per <strong>Termini e condizioni<\/strong> (indicati anche come &#8220;Termini&#8221;) si intendono i presenti Termini e condizioni che costituiscono l&#8217;intero accordo tra l&#8217;Utente e la Societ\u00e0 in merito all&#8217;utilizzo del Servizio. Questo contratto di Termini e Condizioni \u00e8 stato creato con l&#8217;aiuto del <a href=\"https:\/\/www.termsfeed.com\/terms-conditions-generator\/\" target=\"_blank\" rel=\"noreferrer noopener\">Generatore di Termini e Condizioni<\/a>.<\/li>\n\n\n\n<li>Per <strong>Servizio di social media di terzi<\/strong> si intende qualsiasi servizio o contenuto (compresi dati, informazioni, prodotti o servizi) fornito da terzi che pu\u00f2 essere visualizzato, incluso o reso disponibile dal Servizio.<\/li>\n\n\n\n<li>Il <strong>sito<\/strong> fa riferimento alla Pizzeria L&#8217;Angolino, accessibile da <a href=\"https:\/\/www.langolinopizza.ch\/\" rel=\"noreferrer noopener\" target=\"_blank\">https:\/\/www.langolinopizza.ch<\/a>.<\/li>\n\n\n\n<li>Per <strong>utente<\/strong> si intende l&#8217;individuo che accede o utilizza il Servizio, o la societ\u00e0 o altra persona giuridica per conto della quale tale individuo accede o utilizza il Servizio, a seconda dei casi.<\/li>\n<\/ul>\n\n<h2 class=\"wp-block-heading\">Riconoscimento<\/h2>\n\n<p>Questi sono i Termini e le Condizioni che regolano l&#8217;uso di questo Servizio e l&#8217;accordo che vige tra l&#8217;Utente e la Societ\u00e0. I presenti Termini e condizioni stabiliscono i diritti e gli obblighi di tutti gli utenti in merito all&#8217;utilizzo del Servizio.<\/p>\n\n<p>L&#8217;accesso e l&#8217;utilizzo del Servizio da parte dell&#8217;utente sono subordinati all&#8217;accettazione e al rispetto dei presenti Termini e condizioni. I presenti Termini e condizioni si applicano a tutti i visitatori, utenti e altri soggetti che accedono o utilizzano il Servizio.<\/p>\n\n<p>Accedendo o utilizzando il Servizio, l&#8217;Utente accetta di essere vincolato dai presenti Termini e condizioni. Se l&#8217;Utente non \u00e8 d&#8217;accordo con una qualsiasi parte dei presenti Termini e condizioni, non pu\u00f2 accedere al Servizio.<\/p>\n\n<p>L&#8217;utente dichiara di avere pi\u00f9 di 18 anni. La Societ\u00e0 non consente ai minori di 18 anni di utilizzare il Servizio.<\/p>\n\n<p>L&#8217;accesso e l&#8217;utilizzo del Servizio da parte dell&#8217;Utente sono inoltre subordinati all&#8217;accettazione e al rispetto della Politica sulla privacy della Societ\u00e0. La nostra Informativa sulla privacy descrive le nostre politiche e procedure sulla raccolta, l&#8217;utilizzo e la divulgazione dei dati personali dell&#8217;Utente quando utilizza l&#8217;Applicazione o il Sito web e informa l&#8217;Utente sui suoi diritti alla privacy e su come la legge lo protegge. Si prega di leggere attentamente la nostra Informativa sulla privacy prima di utilizzare il nostro Servizio.<\/p>\n\n<h2 class=\"wp-block-heading\">Link ad altri siti web<\/h2>\n\n<p>Il nostro Servizio pu\u00f2 contenere link a siti web o servizi di terzi che non sono di propriet\u00e0 o controllati dalla Societ\u00e0.<\/p>\n\n<p>La Societ\u00e0 non ha alcun controllo e non si assume alcuna responsabilit\u00e0 per il contenuto, le politiche sulla privacy o le pratiche di qualsiasi sito web o servizio di terzi. L&#8217;utente riconosce e accetta inoltre che la Societ\u00e0 non sar\u00e0 responsabile, direttamente o indirettamente, per eventuali danni o perdite causati o che si presume possano essere causati da o in connessione con l&#8217;uso o l&#8217;affidamento su tali contenuti, beni o servizi disponibili su o attraverso tali siti web o servizi.<\/p>\n\n<p>Consigliamo vivamente all&#8217;Utente di leggere i termini e le condizioni e le politiche sulla privacy di qualsiasi sito o servizio web di terzi che l&#8217;Utente visita.<\/p>\n\n<h2 class=\"wp-block-heading\">Terminazione<\/h2>\n\n<p>Possiamo interrompere o sospendere l&#8217;accesso dell&#8217;Utente immediatamente, senza preavviso o responsabilit\u00e0, per qualsiasi motivo, incluso, a titolo esemplificativo, se l&#8217;Utente viola i presenti Termini e condizioni.<\/p>\n\n<p>In caso di risoluzione, il diritto dell&#8217;Utente di utilizzare il Servizio cesser\u00e0 immediatamente.<\/p>\n\n<h2 class=\"wp-block-heading\">Limitazione di responsabilit\u00e0<\/h2>\n\n<p>A prescindere da eventuali danni che l&#8217;Utente potrebbe subire, l&#8217;intera responsabilit\u00e0 della Societ\u00e0 e dei suoi fornitori ai sensi di qualsiasi disposizione dei presenti Termini e il rimedio esclusivo dell&#8217;Utente per tutto ci\u00f2 sar\u00e0 limitato all&#8217;importo effettivamente pagato dall&#8217;Utente tramite il Servizio o a 100 USD se l&#8217;Utente non ha acquistato nulla tramite il Servizio.<\/p>\n\n<p>Nella misura massima consentita dalla legge applicabile, in nessun caso la Societ\u00e0 o i suoi fornitori saranno responsabili per danni speciali, incidentali, indiretti o consequenziali di qualsiasi tipo (inclusi, ma non limitati a, danni per perdita di profitti, perdita di dati o altre informazioni, per interruzione dell&#8217;attivit\u00e0, per lesioni personali, perdita di privacy derivanti da o in qualsiasi modo correlati all&#8217;utilizzo o all&#8217;impossibilit\u00e0 di utilizzare il Servizio, il software di terzi e\/o l&#8217;hardware di terzi utilizzato con il Servizio, o comunque in relazione a qualsiasi disposizione dei presenti Termini), anche se la Societ\u00e0 o qualsiasi fornitore \u00e8 stato avvisato della possibilit\u00e0 di tali danni e anche se il rimedio fallisce il suo scopo essenziale.<\/p>\n\n<p>Alcuni stati non consentono l&#8217;esclusione di garanzie implicite o la limitazione di responsabilit\u00e0 per danni incidentali o consequenziali, il che significa che alcune delle limitazioni di cui sopra potrebbero non essere applicabili. In questi Stati, la responsabilit\u00e0 di ciascuna parte sar\u00e0 limitata nella misura massima consentita dalla legge.<\/p>\n\n<h2 class=\"wp-block-heading\">&#8220;COS\u00cc COM&#8217;\u00c8&#8221; e &#8220;COME DISPONIBILE&#8221;.<\/h2>\n\n<p>Il Servizio viene fornito all&#8217;Utente &#8220;COS\u00cc COM&#8217;\u00c8&#8221; e &#8220;COME DISPONIBILE&#8221; e con tutti i difetti e le mancanze senza alcun tipo di garanzia. Nella misura massima consentita dalla legge applicabile, la Societ\u00e0, per conto proprio e per conto delle sue Affiliate e dei suoi rispettivi licenziatari e fornitori di servizi, declina espressamente tutte le garanzie, espresse, implicite, legali o di altro tipo, in relazione al Servizio, comprese tutte le garanzie implicite di commerciabilit\u00e0, idoneit\u00e0 per uno scopo particolare, titolarit\u00e0 e non violazione, e le garanzie che possono derivare da un comportamento commerciale, dall&#8217;esecuzione, dagli usi o dalla prassi commerciale. Senza limitazioni a quanto sopra, la Societ\u00e0 non fornisce alcuna garanzia o impegno e non dichiara in alcun modo che il Servizio soddisfer\u00e0 i requisiti dell&#8217;Utente, raggiunger\u00e0 i risultati previsti, sar\u00e0 compatibile o funzioner\u00e0 con qualsiasi altro software, applicazione, sistema o servizio, funzioner\u00e0 senza interruzioni, soddisfer\u00e0 qualsiasi standard di prestazione o affidabilit\u00e0 o sar\u00e0 privo di errori o che qualsiasi errore o difetto potr\u00e0 o sar\u00e0 corretto.<\/p>\n\n<p>Senza limitare quanto sopra, n\u00e9 la Societ\u00e0 n\u00e9 alcun fornitore della Societ\u00e0 rilascia alcuna dichiarazione o garanzia di alcun tipo, espressa o implicita: (i) in merito al funzionamento o alla disponibilit\u00e0 del Servizio, o alle informazioni, ai contenuti, ai materiali o ai prodotti ivi inclusi; (ii) che il Servizio sar\u00e0 ininterrotto o privo di errori; (iii) per quanto riguarda l&#8217;accuratezza, l&#8217;affidabilit\u00e0 o l&#8217;attualit\u00e0 di qualsiasi informazione o contenuto fornito attraverso il Servizio; oppure (iv) che il Servizio, i suoi server, il contenuto o le e-mail inviate da o per conto della Societ\u00e0 siano privi di virus, script, cavalli di Troia, worm, malware, timebomb o altri componenti dannosi.<\/p>\n\n<p>Alcune giurisdizioni non consentono l&#8217;esclusione di alcuni tipi di garanzie o limitazioni dei diritti legali applicabili a un consumatore, pertanto alcune o tutte le esclusioni e limitazioni di cui sopra potrebbero non essere applicabili all&#8217;Utente. In tal caso, tuttavia, le esclusioni e le limitazioni di cui alla presente sezione saranno applicate nella massima misura possibile ai sensi della legge applicabile.<\/p>\n\n<h2 class=\"wp-block-heading\">Legge applicabile<\/h2>\n\n<p>Le leggi del Paese, ad esclusione dei conflitti di legge, disciplinano le presenti Condizioni e l&#8217;utilizzo del Servizio da parte dell&#8217;Utente. L&#8217;utilizzo dell&#8217;Applicazione da parte dell&#8217;utente pu\u00f2 essere soggetto anche ad altre leggi locali, statali, nazionali o internazionali.<\/p>\n\n<h2 class=\"wp-block-heading\">Risoluzione delle controversie<\/h2>\n\n<p>In caso di dubbi o controversie sul Servizio, l&#8217;Utente si impegna a cercare di risolvere la controversia in modo informale contattando la Societ\u00e0.<\/p>\n\n<h2 class=\"wp-block-heading\">Per gli utenti dell&#8217;Unione Europea (UE)<\/h2>\n\n<p>Se l&#8217;Utente \u00e8 un consumatore dell&#8217;Unione Europea, beneficer\u00e0 di tutte le disposizioni obbligatorie della legge del paese in cui risiede.<\/p>\n\n<h2 class=\"wp-block-heading\">Conformit\u00e0 legale negli Stati Uniti<\/h2>\n\n<p>L&#8217;utente dichiara e garantisce che (i) non si trova in un paese soggetto a embargo da parte del governo degli Stati Uniti o che \u00e8 stato designato dal governo degli Stati Uniti come paese &#8220;sostenitore del terrorismo&#8221;, e (ii) L&#8217;utente non figura in alcun elenco del governo degli Stati Uniti di parti vietate o soggette a restrizioni.<\/p>\n\n<h2 class=\"wp-block-heading\">Separabilit\u00e0 e rinuncia<\/h2>\n\n<h3 class=\"wp-block-heading\">Severit\u00e0<\/h3>\n\n<p>Se una qualsiasi disposizione dei presenti Termini \u00e8 ritenuta inapplicabile o non valida, tale disposizione sar\u00e0 modificata e interpretata per raggiungere gli obiettivi di tale disposizione nella massima misura possibile in base alla legge applicabile e le restanti disposizioni continueranno ad avere pieno vigore ed effetto.<\/p>\n\n<h3 class=\"wp-block-heading\">Rinuncia<\/h3>\n\n<p>Salvo quanto previsto nel presente documento, il mancato esercizio di un diritto o la mancata richiesta di adempimento di un obbligo ai sensi dei presenti Termini non pregiudica la possibilit\u00e0 di una parte di esercitare tale diritto o di richiedere tale adempimento in qualsiasi momento successivo, n\u00e9 la rinuncia a una violazione costituisce una rinuncia a qualsiasi violazione successiva.<\/p>\n\n<h2 class=\"wp-block-heading\">Traduzione Interpretazione<\/h2>\n\n<p>I presenti Termini e condizioni possono essere stati tradotti se sono stati messi a disposizione dell&#8217;utente sul nostro Servizio. L&#8217;utente accetta che il testo originale in inglese prevalga in caso di controversia.<\/p>\n\n<h2 class=\"wp-block-heading\">Modifiche ai presenti Termini e condizioni<\/h2>\n\n<p>Ci riserviamo il diritto, a nostra esclusiva discrezione, di modificare o sostituire le presenti Condizioni in qualsiasi momento. Se la revisione \u00e8 sostanziale, ci impegneremo a fornire un preavviso di almeno 30 giorni prima dell&#8217;entrata in vigore dei nuovi termini. Ci\u00f2 che costituisce una modifica sostanziale sar\u00e0 determinato a Nostra esclusiva discrezione.<\/p>\n\n<p>Continuando ad accedere o a utilizzare il nostro Servizio dopo l&#8217;entrata in vigore di tali revisioni, l&#8217;utente accetta di essere vincolato ai termini rivisti. Se l&#8217;Utente non accetta i nuovi termini, in tutto o in parte, \u00e8 pregato di smettere di utilizzare il sito web e il Servizio.<\/p>\n\n<h2 class=\"wp-block-heading\">Contatto<\/h2>\n\n<p>In caso di domande sui presenti Termini e condizioni, \u00e8 possibile contattarci:<\/p>\n\n<ul class=\"wp-block-list\">\n<li>Per e-mail: info@langolinopizza.ch<\/li>\n\n\n\n<li>Per telefono: +41 71 988 44 50<\/li>\n<\/ul>\n","protected":false},"excerpt":{"rendered":"<p>Ultimo aggiornamento: 07 gennaio 2024 Si prega di leggere attentamente questi termini e condizioni prima di utilizzare il nostro Servizio. Interpretazione e definizioni Interpretazione Le parole la cui lettera iniziale \u00e8 maiuscola hanno un significato definito nelle seguenti condizioni. Le [&hellip;]<\/p>\n","protected":false},"author":1,"featured_media":0,"parent":0,"menu_order":0,"comment_status":"closed","ping_status":"closed","template":"","meta":{"footnotes":""},"class_list":["post-9038","page","type-page","status-publish","hentry"],"yoast_head":"<!-- This site is optimized with the Yoast SEO plugin v27.4 - https:\/\/yoast.com\/product\/yoast-seo-wordpress\/ -->\n<title>Termini e condizioni &#8211; L&#039;Angolino<\/title>\n<meta name=\"robots\" content=\"index, follow, max-snippet:-1, max-image-preview:large, max-video-preview:-1\" \/>\n<link rel=\"canonical\" href=\"https:\/\/www.langolinopizza.ch\/it\/termini-e-condizioni\/\" \/>\n<meta property=\"og:locale\" content=\"it_IT\" \/>\n<meta property=\"og:type\" content=\"article\" \/>\n<meta property=\"og:title\" content=\"Termini e condizioni &#8211; L&#039;Angolino\" \/>\n<meta property=\"og:description\" content=\"Ultimo aggiornamento: 07 gennaio 2024 Si prega di leggere attentamente questi termini e condizioni prima di utilizzare il nostro Servizio. Interpretazione e definizioni Interpretazione Le parole la cui lettera iniziale \u00e8 maiuscola hanno un significato definito nelle seguenti condizioni. Le [&hellip;]\" \/>\n<meta property=\"og:url\" content=\"https:\/\/www.langolinopizza.ch\/it\/termini-e-condizioni\/\" \/>\n<meta property=\"og:site_name\" content=\"L&#039;Angolino\" \/>\n<meta property=\"article:modified_time\" content=\"2024-01-08T10:29:48+00:00\" \/>\n<meta property=\"og:image\" content=\"https:\/\/www.langolinopizza.ch\/wp-content\/uploads\/2023\/12\/LAngolino-Logo-Black-1200-x-720-px@2x.png\" \/>\n\t<meta property=\"og:image:width\" content=\"2400\" \/>\n\t<meta property=\"og:image:height\" content=\"1440\" \/>\n\t<meta property=\"og:image:type\" content=\"image\/png\" \/>\n<meta name=\"twitter:card\" content=\"summary_large_image\" \/>\n<meta name=\"twitter:label1\" content=\"Tempo di lettura stimato\" \/>\n\t<meta name=\"twitter:data1\" content=\"8 minuti\" \/>\n<script type=\"application\/ld+json\" class=\"yoast-schema-graph\">{\"@context\":\"https:\\\/\\\/schema.org\",\"@graph\":[{\"@type\":\"WebPage\",\"@id\":\"https:\\\/\\\/www.langolinopizza.ch\\\/it\\\/termini-e-condizioni\\\/\",\"url\":\"https:\\\/\\\/www.langolinopizza.ch\\\/it\\\/termini-e-condizioni\\\/\",\"name\":\"Termini e condizioni &#8211; L&#039;Angolino\",\"isPartOf\":{\"@id\":\"https:\\\/\\\/www.langolinopizza.ch\\\/it\\\/#website\"},\"datePublished\":\"2024-01-08T10:24:44+00:00\",\"dateModified\":\"2024-01-08T10:29:48+00:00\",\"breadcrumb\":{\"@id\":\"https:\\\/\\\/www.langolinopizza.ch\\\/it\\\/termini-e-condizioni\\\/#breadcrumb\"},\"inLanguage\":\"it-IT\",\"potentialAction\":[{\"@type\":\"ReadAction\",\"target\":[\"https:\\\/\\\/www.langolinopizza.ch\\\/it\\\/termini-e-condizioni\\\/\"]}]},{\"@type\":\"BreadcrumbList\",\"@id\":\"https:\\\/\\\/www.langolinopizza.ch\\\/it\\\/termini-e-condizioni\\\/#breadcrumb\",\"itemListElement\":[{\"@type\":\"ListItem\",\"position\":1,\"name\":\"Home\",\"item\":\"https:\\\/\\\/www.langolinopizza.ch\\\/it\\\/casa-1\\\/\"},{\"@type\":\"ListItem\",\"position\":2,\"name\":\"Termini e condizioni\"}]},{\"@type\":\"WebSite\",\"@id\":\"https:\\\/\\\/www.langolinopizza.ch\\\/it\\\/#website\",\"url\":\"https:\\\/\\\/www.langolinopizza.ch\\\/it\\\/\",\"name\":\"Pizzeria L'Angolino\",\"description\":\"Caffe Bar Pizzeria\",\"publisher\":{\"@id\":\"https:\\\/\\\/www.langolinopizza.ch\\\/it\\\/#organization\"},\"potentialAction\":[{\"@type\":\"SearchAction\",\"target\":{\"@type\":\"EntryPoint\",\"urlTemplate\":\"https:\\\/\\\/www.langolinopizza.ch\\\/it\\\/?s={search_term_string}\"},\"query-input\":{\"@type\":\"PropertyValueSpecification\",\"valueRequired\":true,\"valueName\":\"search_term_string\"}}],\"inLanguage\":\"it-IT\"},{\"@type\":\"Organization\",\"@id\":\"https:\\\/\\\/www.langolinopizza.ch\\\/it\\\/#organization\",\"name\":\"Pizzeria L'Angolino, Goran Manchovski\",\"alternateName\":\"Pizzeria L'Angolino\",\"url\":\"https:\\\/\\\/www.langolinopizza.ch\\\/it\\\/\",\"logo\":{\"@type\":\"ImageObject\",\"inLanguage\":\"it-IT\",\"@id\":\"https:\\\/\\\/www.langolinopizza.ch\\\/it\\\/#\\\/schema\\\/logo\\\/image\\\/\",\"url\":\"https:\\\/\\\/www.langolinopizza.ch\\\/wp-content\\\/uploads\\\/2023\\\/12\\\/LAngolino-Logo-Black-1200-x-720-px@2x.png\",\"contentUrl\":\"https:\\\/\\\/www.langolinopizza.ch\\\/wp-content\\\/uploads\\\/2023\\\/12\\\/LAngolino-Logo-Black-1200-x-720-px@2x.png\",\"width\":2400,\"height\":1440,\"caption\":\"Pizzeria L'Angolino, Goran Manchovski\"},\"image\":{\"@id\":\"https:\\\/\\\/www.langolinopizza.ch\\\/it\\\/#\\\/schema\\\/logo\\\/image\\\/\"}}]}<\/script>\n<!-- \/ Yoast SEO plugin. -->","yoast_head_json":{"title":"Termini e condizioni &#8211; L&#039;Angolino","robots":{"index":"index","follow":"follow","max-snippet":"max-snippet:-1","max-image-preview":"max-image-preview:large","max-video-preview":"max-video-preview:-1"},"canonical":"https:\/\/www.langolinopizza.ch\/it\/termini-e-condizioni\/","og_locale":"it_IT","og_type":"article","og_title":"Termini e condizioni &#8211; L&#039;Angolino","og_description":"Ultimo aggiornamento: 07 gennaio 2024 Si prega di leggere attentamente questi termini e condizioni prima di utilizzare il nostro Servizio. Interpretazione e definizioni Interpretazione Le parole la cui lettera iniziale \u00e8 maiuscola hanno un significato definito nelle seguenti condizioni. Le [&hellip;]","og_url":"https:\/\/www.langolinopizza.ch\/it\/termini-e-condizioni\/","og_site_name":"L&#039;Angolino","article_modified_time":"2024-01-08T10:29:48+00:00","og_image":[{"width":2400,"height":1440,"url":"https:\/\/www.langolinopizza.ch\/wp-content\/uploads\/2023\/12\/LAngolino-Logo-Black-1200-x-720-px@2x.png","type":"image\/png"}],"twitter_card":"summary_large_image","twitter_misc":{"Tempo di lettura stimato":"8 minuti"},"schema":{"@context":"https:\/\/schema.org","@graph":[{"@type":"WebPage","@id":"https:\/\/www.langolinopizza.ch\/it\/termini-e-condizioni\/","url":"https:\/\/www.langolinopizza.ch\/it\/termini-e-condizioni\/","name":"Termini e condizioni &#8211; L&#039;Angolino","isPartOf":{"@id":"https:\/\/www.langolinopizza.ch\/it\/#website"},"datePublished":"2024-01-08T10:24:44+00:00","dateModified":"2024-01-08T10:29:48+00:00","breadcrumb":{"@id":"https:\/\/www.langolinopizza.ch\/it\/termini-e-condizioni\/#breadcrumb"},"inLanguage":"it-IT","potentialAction":[{"@type":"ReadAction","target":["https:\/\/www.langolinopizza.ch\/it\/termini-e-condizioni\/"]}]},{"@type":"BreadcrumbList","@id":"https:\/\/www.langolinopizza.ch\/it\/termini-e-condizioni\/#breadcrumb","itemListElement":[{"@type":"ListItem","position":1,"name":"Home","item":"https:\/\/www.langolinopizza.ch\/it\/casa-1\/"},{"@type":"ListItem","position":2,"name":"Termini e condizioni"}]},{"@type":"WebSite","@id":"https:\/\/www.langolinopizza.ch\/it\/#website","url":"https:\/\/www.langolinopizza.ch\/it\/","name":"Pizzeria L'Angolino","description":"Caffe Bar Pizzeria","publisher":{"@id":"https:\/\/www.langolinopizza.ch\/it\/#organization"},"potentialAction":[{"@type":"SearchAction","target":{"@type":"EntryPoint","urlTemplate":"https:\/\/www.langolinopizza.ch\/it\/?s={search_term_string}"},"query-input":{"@type":"PropertyValueSpecification","valueRequired":true,"valueName":"search_term_string"}}],"inLanguage":"it-IT"},{"@type":"Organization","@id":"https:\/\/www.langolinopizza.ch\/it\/#organization","name":"Pizzeria L'Angolino, Goran Manchovski","alternateName":"Pizzeria L'Angolino","url":"https:\/\/www.langolinopizza.ch\/it\/","logo":{"@type":"ImageObject","inLanguage":"it-IT","@id":"https:\/\/www.langolinopizza.ch\/it\/#\/schema\/logo\/image\/","url":"https:\/\/www.langolinopizza.ch\/wp-content\/uploads\/2023\/12\/LAngolino-Logo-Black-1200-x-720-px@2x.png","contentUrl":"https:\/\/www.langolinopizza.ch\/wp-content\/uploads\/2023\/12\/LAngolino-Logo-Black-1200-x-720-px@2x.png","width":2400,"height":1440,"caption":"Pizzeria L'Angolino, Goran Manchovski"},"image":{"@id":"https:\/\/www.langolinopizza.ch\/it\/#\/schema\/logo\/image\/"}}]}},"jetpack_sharing_enabled":true,"_links":{"self":[{"href":"https:\/\/www.langolinopizza.ch\/it\/wp-json\/wp\/v2\/pages\/9038","targetHints":{"allow":["GET"]}}],"collection":[{"href":"https:\/\/www.langolinopizza.ch\/it\/wp-json\/wp\/v2\/pages"}],"about":[{"href":"https:\/\/www.langolinopizza.ch\/it\/wp-json\/wp\/v2\/types\/page"}],"author":[{"embeddable":true,"href":"https:\/\/www.langolinopizza.ch\/it\/wp-json\/wp\/v2\/users\/1"}],"replies":[{"embeddable":true,"href":"https:\/\/www.langolinopizza.ch\/it\/wp-json\/wp\/v2\/comments?post=9038"}],"version-history":[{"count":0,"href":"https:\/\/www.langolinopizza.ch\/it\/wp-json\/wp\/v2\/pages\/9038\/revisions"}],"wp:attachment":[{"href":"https:\/\/www.langolinopizza.ch\/it\/wp-json\/wp\/v2\/media?parent=9038"}],"curies":[{"name":"wp","href":"https:\/\/api.w.org\/{rel}","templated":true}]}}